{"id":4044,"date":"2020-10-22T21:28:56","date_gmt":"2020-10-22T19:28:56","guid":{"rendered":"https:\/\/vioncas.com\/queres-conecernos\/"},"modified":"2023-09-20T11:04:36","modified_gmt":"2023-09-20T09:04:36","slug":"queres-conecernos","status":"publish","type":"page","link":"https:\/\/vioncas.com\/gl\/queres-conecernos\/","title":{"rendered":"Queres co\u00f1ecernos?"},"content":{"rendered":"<p>[et_pb_section fb_built=&#8221;1&#8243; custom_padding_last_edited=&#8221;on|tablet&#8221; _builder_version=&#8221;4.14.6&#8243; _module_preset=&#8221;default&#8221; background_color=&#8221;#0f0e0e&#8221; background_image=&#8221;https:\/\/vioncas.com\/wp-content\/uploads\/2023\/09\/tit-conocernos.jpg&#8221; background_size=&#8221;initial&#8221; background_position=&#8221;center_right&#8221; custom_margin=&#8221;0px||0px||true|false&#8221; custom_padding=&#8221;110px||140px||false|false&#8221; custom_padding_tablet=&#8221;0px||230px||false|false&#8221; custom_padding_phone=&#8221;0px||100px||false|false&#8221; top_divider_height_tablet=&#8221;&#8221; top_divider_height_phone=&#8221;&#8221; top_divider_height_last_edited=&#8221;on|phone&#8221; bottom_divider_color=&#8221;#3e2b2e&#8221; bottom_divider_height=&#8221;61px&#8221; bottom_divider_height_tablet=&#8221;39px&#8221; bottom_divider_height_phone=&#8221;12px&#8221; bottom_divider_height_last_edited=&#8221;on|tablet&#8221; background_last_edited=&#8221;on|desktop&#8221; parallax_phone=&#8221;off&#8221; background_size_tablet=&#8221;cover&#8221; background_size_phone=&#8221;cover&#8221; background_position_tablet=&#8221;top_center&#8221; background_position_phone=&#8221;top_center&#8221; global_colors_info=&#8221;{}&#8221;][et_pb_row column_structure=&#8221;1_2,1_2&#8243; _builder_version=&#8221;4.14.6&#8243; _module_preset=&#8221;default&#8221; width=&#8221;100%&#8221; max_width=&#8221;100%&#8221; custom_padding=&#8221;|2%||2%|false|false&#8221; global_colors_info=&#8221;{}&#8221;][et_pb_column type=&#8221;1_2&#8243; _builder_version=&#8221;4.14.6&#8243; _module_preset=&#8221;default&#8221; global_colors_info=&#8221;{}&#8221;][et_pb_image src=&#8221;https:\/\/vioncas.com\/wp-content\/uploads\/2023\/09\/quieres-conocernos.svg&#8221; title_text=&#8221;queres-conecernos&#8221; _builder_version=&#8221;4.14.6&#8243; _module_preset=&#8221;default&#8221; global_colors_info=&#8221;{}&#8221;][\/et_pb_image][et_pb_text _builder_version=&#8221;4.14.6&#8243; _module_preset=&#8221;default&#8221; text_font_size=&#8221;20px&#8221; custom_margin_tablet=&#8221;&#8221; custom_margin_phone=&#8221;&#8221; custom_margin_last_edited=&#8221;on|phone&#8221; custom_padding=&#8221;||||false|false&#8221; hover_enabled=&#8221;0&#8243; text_text_color_tablet=&#8221;&#8221; text_text_color_phone=&#8221;&#8221; text_text_color_last_edited=&#8221;on|tablet&#8221; text_font_size_tablet=&#8221;17px&#8221; text_font_size_phone=&#8221;&#8221; text_font_size_last_edited=&#8221;on|phone&#8221; global_colors_info=&#8221;{}&#8221; sticky_enabled=&#8221;0&#8243;]<\/p>\n<p>En <strong>Vioncas<\/strong> sempre o tivemos moi claro, os sabores da nosa infancia permanecen inalterados nos nosos recordos, a comida da casa, esa forma de coci\u00f1ar saudable e natural que cos seus aromas nos transporta enseguida aos nosos primeiros anos&#8230; Entrar \u00e1 casa con fame ao sa\u00edr. escola e descobre o aroma das boli\u00f1as galegas rec\u00e9n elaboradas por mans expertas, co\u00f1ecedoras de todos os sabores, condimentos, recheos&#8230; o aroma e o sabor de aut\u00e9nticos tesouros gastron\u00f3micos.<\/p>\n<p>[\/et_pb_text][\/et_pb_column][et_pb_column type=&#8221;1_2&#8243; _builder_version=&#8221;4.14.6&#8243; _module_preset=&#8221;default&#8221; global_colors_info=&#8221;{}&#8221;][\/et_pb_column][\/et_pb_row][\/et_pb_section][et_pb_section fb_built=&#8221;1&#8243; _builder_version=&#8221;4.14.6&#8243; _module_preset=&#8221;default&#8221; custom_padding=&#8221;0px||0px||false|false&#8221; global_colors_info=&#8221;{}&#8221;][et_pb_row _builder_version=&#8221;4.14.6&#8243; _module_preset=&#8221;default&#8221; width=&#8221;100%&#8221; max_width=&#8221;100%&#8221; custom_padding=&#8221;10px||10px||false|false&#8221; global_colors_info=&#8221;{}&#8221;][et_pb_column type=&#8221;4_4&#8243; _builder_version=&#8221;4.14.6&#8243; _module_preset=&#8221;default&#8221; global_colors_info=&#8221;{}&#8221;][et_pb_code _builder_version=&#8221;4.14.6&#8243; _module_preset=&#8221;default&#8221; custom_margin=&#8221;3px||4px|||&#8221; global_colors_info=&#8221;{}&#8221;]<\/p>\n<div class=\"marquee\"><!-- [et_pb_line_break_holder] -->  <\/p>\n<div class=\"marquee-content1\"> <!-- [et_pb_line_break_holder] -->    <\/p>\n<div class=\"marquee-item1\"><!-- [et_pb_line_break_holder] -->      <img decoding=\"async\" src=\"https:\/\/vioncas.com\/wp-content\/uploads\/2023\/09\/envios.svg\" alt=\"\"><!-- [et_pb_line_break_holder] -->    <\/div>\n<p><!-- [et_pb_line_break_holder] -->    <!-- [et_pb_line_break_holder] -->    <\/p>\n<div class=\"marquee-item1\"><!-- [et_pb_line_break_holder] -->      <img decoding=\"async\" src=\"https:\/\/vioncas.com\/wp-content\/uploads\/2023\/09\/envios.svg\" alt=\"\"><!-- [et_pb_line_break_holder] -->    <\/div>\n<p><!-- [et_pb_line_break_holder] -->    <!-- [et_pb_line_break_holder] -->    <\/p>\n<div class=\"marquee-item1\"><!-- [et_pb_line_break_holder] -->      <img decoding=\"async\" src=\"https:\/\/vioncas.com\/wp-content\/uploads\/2023\/09\/envios.svg\" alt=\"\"><!-- [et_pb_line_break_holder] -->    <\/div>\n<p><!-- [et_pb_line_break_holder] -->    <!-- [et_pb_line_break_holder] -->    <\/p>\n<div class=\"marquee-item1\"><!-- [et_pb_line_break_holder] -->      <img decoding=\"async\" src=\"https:\/\/vioncas.com\/wp-content\/uploads\/2023\/09\/envios.svg\" alt=\"\"><!-- [et_pb_line_break_holder] -->    <\/div>\n<p><!-- [et_pb_line_break_holder] -->    <!-- [et_pb_line_break_holder] -->    <\/p>\n<div class=\"marquee-item1\"><!-- [et_pb_line_break_holder] -->      <img decoding=\"async\" src=\"https:\/\/vioncas.com\/wp-content\/uploads\/2023\/09\/envios.svg\" alt=\"\"><!-- [et_pb_line_break_holder] -->    <\/div>\n<p><!-- [et_pb_line_break_holder] -->    <!-- [et_pb_line_break_holder] -->    <\/p>\n<div class=\"marquee-item1\"><!-- [et_pb_line_break_holder] -->      <img decoding=\"async\" src=\"https:\/\/vioncas.com\/wp-content\/uploads\/2023\/09\/envios.svg\" alt=\"\"><!-- [et_pb_line_break_holder] -->    <\/div>\n<p><!-- [et_pb_line_break_holder] -->    <!-- [et_pb_line_break_holder] -->    <\/p>\n<div class=\"marquee-item1\"><!-- [et_pb_line_break_holder] -->      <img decoding=\"async\" src=\"https:\/\/vioncas.com\/wp-content\/uploads\/2023\/09\/envios.svg\" alt=\"\"><!-- [et_pb_line_break_holder] -->    <\/div>\n<p><!-- [et_pb_line_break_holder] -->    <!-- [et_pb_line_break_holder] -->    <\/p>\n<div class=\"marquee-item1\"><!-- [et_pb_line_break_holder] -->      <img decoding=\"async\" src=\"https:\/\/vioncas.com\/wp-content\/uploads\/2023\/09\/envios.svg\" alt=\"\"><!-- [et_pb_line_break_holder] -->    <\/div>\n<p><!-- [et_pb_line_break_holder] -->    <!-- [et_pb_line_break_holder] -->    <!-- [et_pb_line_break_holder] -->    <!-- [et_pb_line_break_holder] -->    <!-- [et_pb_line_break_holder] -->    <!-- [et_pb_line_break_holder] -->    <!-- [et_pb_line_break_holder] -->    <!-- [et_pb_line_break_holder] -->    <\/p>\n<div class=\"marquee-item1\"><!-- [et_pb_line_break_holder] -->      <img decoding=\"async\" src=\"https:\/\/vioncas.com\/wp-content\/uploads\/2023\/09\/envios.svg\" alt=\"\"><!-- [et_pb_line_break_holder] -->    <\/div>\n<p><!-- [et_pb_line_break_holder] -->    <!-- [et_pb_line_break_holder] -->    <\/p>\n<div class=\"marquee-item1\"><!-- [et_pb_line_break_holder] -->      <img decoding=\"async\" src=\"https:\/\/vioncas.com\/wp-content\/uploads\/2023\/09\/envios.svg\" alt=\"\"><!-- [et_pb_line_break_holder] -->    <\/div>\n<p><!-- [et_pb_line_break_holder] -->    <!-- [et_pb_line_break_holder] -->    <\/p>\n<div class=\"marquee-item1\"><!-- [et_pb_line_break_holder] -->      <img decoding=\"async\" src=\"https:\/\/vioncas.com\/wp-content\/uploads\/2023\/09\/envios.svg\" alt=\"\"><!-- [et_pb_line_break_holder] -->    <\/div>\n<p><!-- [et_pb_line_break_holder] -->    <!-- [et_pb_line_break_holder] -->    <\/p>\n<div class=\"marquee-item1\"><!-- [et_pb_line_break_holder] -->      <img decoding=\"async\" src=\"https:\/\/vioncas.com\/wp-content\/uploads\/2023\/09\/envios.svg\" alt=\"\"><!-- [et_pb_line_break_holder] -->    <\/div>\n<p><!-- [et_pb_line_break_holder] -->    <!-- [et_pb_line_break_holder] -->    <\/p>\n<div class=\"marquee-item1\"><!-- [et_pb_line_break_holder] -->      <img decoding=\"async\" src=\"https:\/\/vioncas.com\/wp-content\/uploads\/2023\/09\/envios.svg\" alt=\"\"><!-- [et_pb_line_break_holder] -->    <\/div>\n<p><!-- [et_pb_line_break_holder] -->    <!-- [et_pb_line_break_holder] -->    <\/p>\n<div class=\"marquee-item1\"><!-- [et_pb_line_break_holder] -->      <img decoding=\"async\" src=\"https:\/\/vioncas.com\/wp-content\/uploads\/2023\/09\/envios.svg\" alt=\"\"><!-- [et_pb_line_break_holder] -->    <\/div>\n<p><!-- [et_pb_line_break_holder] -->    <!-- [et_pb_line_break_holder] -->    <\/p>\n<div class=\"marquee-item1\"><!-- [et_pb_line_break_holder] -->      <img decoding=\"async\" src=\"https:\/\/vioncas.com\/wp-content\/uploads\/2023\/09\/envios.svg\" alt=\"\"><!-- [et_pb_line_break_holder] -->    <\/div>\n<p><!-- [et_pb_line_break_holder] -->    <!-- [et_pb_line_break_holder] -->    <\/p>\n<div class=\"marquee-item1\"><!-- [et_pb_line_break_holder] -->      <img decoding=\"async\" src=\"https:\/\/vioncas.com\/wp-content\/uploads\/2023\/09\/envios.svg\" alt=\"\"><!-- [et_pb_line_break_holder] -->    <\/div>\n<p><!-- [et_pb_line_break_holder] -->  <\/div>\n<p><!-- [et_pb_line_break_holder] --><\/div>\n<p>[\/et_pb_code][\/et_pb_column][\/et_pb_row][\/et_pb_section][et_pb_section fb_built=&#8221;1&#8243; custom_padding_last_edited=&#8221;on|desktop&#8221; _builder_version=&#8221;4.14.6&#8243; _module_preset=&#8221;default&#8221; background_color=&#8221;#0f0e0e&#8221; background_color_gradient_direction=&#8221;124deg&#8221; background_image=&#8221;https:\/\/vioncas.com\/wp-content\/uploads\/2023\/09\/img-nosotros.jpg&#8221; background_size=&#8221;initial&#8221; background_position=&#8221;center_right&#8221; custom_padding=&#8221;110px||115px|||&#8221; custom_padding_tablet=&#8221;95px||||false|false&#8221; custom_padding_phone=&#8221;50px||||false|false&#8221; top_divider_color=&#8221;#3e2b2e&#8221; top_divider_height=&#8221;25px&#8221; top_divider_flip=&#8221;vertical&#8221; global_colors_info=&#8221;{}&#8221;][et_pb_row column_structure=&#8221;1_2,1_2&#8243; _builder_version=&#8221;4.14.6&#8243; _module_preset=&#8221;default&#8221; width=&#8221;100%&#8221; max_width=&#8221;100%&#8221; custom_margin=&#8221;|auto|0px|auto|false|false&#8221; custom_margin_tablet=&#8221;|auto|43px|auto|false|false&#8221; custom_margin_phone=&#8221;||21px||false|false&#8221; custom_margin_last_edited=&#8221;on|desktop&#8221; custom_padding=&#8221;|2%||2%|false|false&#8221; global_colors_info=&#8221;{}&#8221;][et_pb_column type=&#8221;1_2&#8243; _builder_version=&#8221;4.6.6&#8243; _module_preset=&#8221;default&#8221; global_colors_info=&#8221;{}&#8221;][et_pb_text _builder_version=&#8221;4.14.6&#8243; _module_preset=&#8221;default&#8221; text_font=&#8221;Montserrat||||||||&#8221; text_font_size=&#8221;17px&#8221; text_letter_spacing=&#8221;1px&#8221; text_line_height=&#8221;1.8em&#8221; custom_margin=&#8221;||||false|false&#8221; custom_padding=&#8221;||||false|false&#8221; global_colors_info=&#8221;{}&#8221;]<\/p>\n<p>Pero en <strong>Vioncas<\/strong> tam\u00e9n sabemos que todo na vida evoluciona e que eses <strong>empanadas caseiras feitas a man<\/strong> que comemos na casa ou que nos acompa\u00f1aran nas nosas excursi\u00f3ns, a\u00ednda nos poder\u00edan sorprender se soub\u00e9semos atopar novos ingredientes doutros pa\u00edses, novos sabores, novas texturas e cores, novas propostas para padais inquietos, pero \u00e9 dicir, sen perder de vista o <strong>tradici\u00f3n das cousas ben feitas.<\/strong> S\u00f3 ti\u00f1amos que darlle unha nova vida \u00e1s boli\u00f1as e convertelas en comida para levar, as\u00ed que&#8230; pux\u00e9monos!<\/p>\n<p>[\/et_pb_text][\/et_pb_column][et_pb_column type=&#8221;1_2&#8243; _builder_version=&#8221;4.6.6&#8243; _module_preset=&#8221;default&#8221; global_colors_info=&#8221;{}&#8221;][\/et_pb_column][\/et_pb_row][et_pb_row column_structure=&#8221;1_2,1_2&#8243; _builder_version=&#8221;4.14.6&#8243; _module_preset=&#8221;default&#8221; width=&#8221;100%&#8221; max_width=&#8221;100%&#8221; custom_margin=&#8221;|auto|0px|auto|false|false&#8221; custom_margin_tablet=&#8221;|auto|43px|auto|false|false&#8221; custom_margin_phone=&#8221;||21px||false|false&#8221; custom_margin_last_edited=&#8221;on|desktop&#8221; custom_padding=&#8221;60px|2%|0px|2%|false|false&#8221; global_colors_info=&#8221;{}&#8221;][et_pb_column type=&#8221;1_2&#8243; _builder_version=&#8221;4.6.6&#8243; _module_preset=&#8221;default&#8221; global_colors_info=&#8221;{}&#8221;][et_pb_text _builder_version=&#8221;4.14.6&#8243; _module_preset=&#8221;default&#8221; text_font=&#8221;Montserrat||||||||&#8221; text_font_size=&#8221;17px&#8221; text_letter_spacing=&#8221;1px&#8221; text_line_height=&#8221;1.8em&#8221; custom_margin=&#8221;||||false|false&#8221; custom_padding=&#8221;||||false|false&#8221; hover_enabled=&#8221;0&#8243; global_colors_info=&#8221;{}&#8221; sticky_enabled=&#8221;0&#8243;]<\/p>\n<p>E consegu\u00edmolo! As empanadillas galegas caseiras de Vioncas conservan todo o sabor da <strong>comida caseira<\/strong>, rica, sana e saborosa, e como o logramos? Pois porque os elaboramos artesanalmente, con produtos da m\u00e1xima calidade, porque chegar\u00e1n \u00e1 t\u00faa casa rec\u00e9n feitos, porque buscamos sorprenderte con cada bocado e sobre todo porque estamos convencidos de que as cousas ben feitas son as que est\u00e1n feito como sempre se fixeron, con cari\u00f1o e se temos algo dentro <strong>Vioncas<\/strong> \u00e9 <strong>amor polo noso traballo!<\/strong><\/p>\n<p>[\/et_pb_text][\/et_pb_column][et_pb_column type=&#8221;1_2&#8243; _builder_version=&#8221;4.6.6&#8243; _module_preset=&#8221;default&#8221; global_colors_info=&#8221;{}&#8221;][\/et_pb_column][\/et_pb_row][\/et_pb_section]<\/p>\n","protected":false},"excerpt":{"rendered":"<p>En Vioncas sempre o tivemos moi claro, os sabores da nosa infancia permanecen inalterados nos nosos recordos, a comida da casa, esa forma de coci\u00f1ar saudable e natural que cos seus aromas nos transporta enseguida aos nosos primeiros anos&#8230; Entrar \u00e1 casa con fame ao sa\u00edr. escola e descobre o aroma das boli\u00f1as galegas rec\u00e9n [&hellip;]<\/p>\n","protected":false},"author":1,"featured_media":0,"parent":0,"menu_order":0,"comment_status":"closed","ping_status":"closed","template":"","meta":{"_et_pb_use_builder":"on","_et_pb_old_content":"","_et_gb_content_width":"","inline_featured_image":false,"footnotes":""},"class_list":["post-4044","page","type-page","status-publish","hentry"],"_links":{"self":[{"href":"https:\/\/vioncas.com\/gl\/wp-json\/wp\/v2\/pages\/4044","targetHints":{"allow":["GET"]}}],"collection":[{"href":"https:\/\/vioncas.com\/gl\/wp-json\/wp\/v2\/pages"}],"about":[{"href":"https:\/\/vioncas.com\/gl\/wp-json\/wp\/v2\/types\/page"}],"author":[{"embeddable":true,"href":"https:\/\/vioncas.com\/gl\/wp-json\/wp\/v2\/users\/1"}],"replies":[{"embeddable":true,"href":"https:\/\/vioncas.com\/gl\/wp-json\/wp\/v2\/comments?post=4044"}],"version-history":[{"count":6,"href":"https:\/\/vioncas.com\/gl\/wp-json\/wp\/v2\/pages\/4044\/revisions"}],"predecessor-version":[{"id":4445,"href":"https:\/\/vioncas.com\/gl\/wp-json\/wp\/v2\/pages\/4044\/revisions\/4445"}],"wp:attachment":[{"href":"https:\/\/vioncas.com\/gl\/wp-json\/wp\/v2\/media?parent=4044"}],"curies":[{"name":"wp","href":"https:\/\/api.w.org\/{rel}","templated":true}]}}