{"id":4055,"date":"2020-11-10T10:48:09","date_gmt":"2020-11-10T09:48:09","guid":{"rendered":"https:\/\/vioncas.com\/paxina-non-encontrada\/"},"modified":"2023-06-22T12:00:43","modified_gmt":"2023-06-22T10:00:43","slug":"paxina-non-encontrada","status":"publish","type":"page","link":"https:\/\/vioncas.com\/gl\/paxina-non-encontrada\/","title":{"rendered":"P\u00e1xina non encontrada"},"content":{"rendered":"<p>[et_pb_section fb_built=&#8221;1&#8243; _builder_version=&#8221;4.6.6&#8243; _module_preset=&#8221;default&#8221; background_color=&#8221;#fff9f1&#8243; custom_padding=&#8221;31px||117px|||&#8221; global_colors_info=&#8221;{}&#8221;][et_pb_row _builder_version=&#8221;4.6.6&#8243; _module_preset=&#8221;default&#8221; global_colors_info=&#8221;{}&#8221;][et_pb_column type=&#8221;4_4&#8243; _builder_version=&#8221;4.6.6&#8243; _module_preset=&#8221;default&#8221; global_colors_info=&#8221;{}&#8221;][et_pb_image src=&#8221;https:\/\/vioncas.com\/wp-content\/uploads\/2022\/09\/logo_fondo-oscuro.png&#8221; title_text=&#8221;logo_fondo-oscuro&#8221; _builder_version=&#8221;4.14.6&#8243; _module_preset=&#8221;default&#8221; width=&#8221;20%&#8221; module_alignment=&#8221;center&#8221; custom_margin=&#8221;||52px|||&#8221; hover_enabled=&#8221;0&#8243; global_colors_info=&#8221;{}&#8221; sticky_enabled=&#8221;0&#8243;][\/et_pb_image][et_pb_text _builder_version=&#8221;4.6.6&#8243; _module_preset=&#8221;default&#8221; text_font=&#8221;Montserrat||||||||&#8221; header_font=&#8221;Lora|700|||||||&#8221; header_line_height=&#8221;1.9em&#8221; text_orientation=&#8221;center&#8221; global_colors_info=&#8221;{}&#8221;]<\/p>\n<h1 class=\"not-found-title\" style=\"text-align: center;\">Non se atoparon resultados<\/h1>\n<p style=\"text-align: center;\">Aseg\u00farate de que a ligaz\u00f3n \u00e1 p\u00e1xina que buscabas \u00e9 correcta. En caso contrario, esa p\u00e1xina pode deixar de existir.<\/p>\n<p style=\"text-align: center;\">Lamentamos moito as molestias que che poidan ocasionar. Esperamos verte de novo pronto por:<\/p>\n<p style=\"text-align: center;\"><strong><a href=\"\/\">www.vioncas.com<\/a><\/strong><\/p>\n<p>[\/et_pb_text][\/et_pb_column][\/et_pb_row][\/et_pb_section]<\/p>\n","protected":false},"excerpt":{"rendered":"<p>Non se atoparon resultados Aseg\u00farate de que a ligaz\u00f3n \u00e1 p\u00e1xina que buscabas \u00e9 correcta. En caso contrario, esa p\u00e1xina pode deixar de existir. Lamentamos moito as molestias que che poidan ocasionar. Esperamos verte de novo pronto por: www.vioncas.com<\/p>\n","protected":false},"author":1,"featured_media":0,"parent":0,"menu_order":0,"comment_status":"closed","ping_status":"closed","template":"","meta":{"_et_pb_use_builder":"on","_et_pb_old_content":"","_et_gb_content_width":"","inline_featured_image":false,"footnotes":""},"class_list":["post-4055","page","type-page","status-publish","hentry"],"_links":{"self":[{"href":"https:\/\/vioncas.com\/gl\/wp-json\/wp\/v2\/pages\/4055","targetHints":{"allow":["GET"]}}],"collection":[{"href":"https:\/\/vioncas.com\/gl\/wp-json\/wp\/v2\/pages"}],"about":[{"href":"https:\/\/vioncas.com\/gl\/wp-json\/wp\/v2\/types\/page"}],"author":[{"embeddable":true,"href":"https:\/\/vioncas.com\/gl\/wp-json\/wp\/v2\/users\/1"}],"replies":[{"embeddable":true,"href":"https:\/\/vioncas.com\/gl\/wp-json\/wp\/v2\/comments?post=4055"}],"version-history":[{"count":2,"href":"https:\/\/vioncas.com\/gl\/wp-json\/wp\/v2\/pages\/4055\/revisions"}],"predecessor-version":[{"id":4057,"href":"https:\/\/vioncas.com\/gl\/wp-json\/wp\/v2\/pages\/4055\/revisions\/4057"}],"wp:attachment":[{"href":"https:\/\/vioncas.com\/gl\/wp-json\/wp\/v2\/media?parent=4055"}],"curies":[{"name":"wp","href":"https:\/\/api.w.org\/{rel}","templated":true}]}}