{"id":4067,"date":"2020-10-13T07:44:28","date_gmt":"2020-10-13T05:44:28","guid":{"rendered":"https:\/\/vioncas.com\/condicions-de-venta\/"},"modified":"2023-09-20T11:11:48","modified_gmt":"2023-09-20T09:11:48","slug":"condicions-de-venta","status":"publish","type":"page","link":"https:\/\/vioncas.com\/gl\/condicions-de-venta\/","title":{"rendered":"Condici\u00f3ns de Venta"},"content":{"rendered":"<p>[et_pb_section fb_built=&#8221;1&#8243; admin_label=&#8221;Secci\u00f3n &#8211; Encabezado Pol\u00edtica de Privacidad&#8221; _builder_version=&#8221;4.6.5&#8243; _module_preset=&#8221;default&#8221; custom_padding=&#8221;0px||0px||true|&#8221; global_colors_info=&#8221;{}&#8221;][et_pb_row use_custom_gutter=&#8221;on&#8221; gutter_width=&#8221;1&#8243; _builder_version=&#8221;4.14.6&#8243; _module_preset=&#8221;default&#8221; background_color=&#8221;#3d3936&#8243; background_image=&#8221;https:\/\/vioncas.com\/wp-content\/uploads\/2022\/09\/fondo-motivos-ingredientes_verde.png&#8221; background_size=&#8221;initial&#8221; background_repeat=&#8221;repeat-x&#8221; background_blend=&#8221;luminosity&#8221; width=&#8221;100%&#8221; max_width=&#8221;100%&#8221; max_width_tablet=&#8221;&#8221; max_width_phone=&#8221;&#8221; max_width_last_edited=&#8221;on|desktop&#8221; module_alignment=&#8221;center&#8221; custom_padding=&#8221;60px|30px|60px|30px|true|true&#8221; global_colors_info=&#8221;{}&#8221;][et_pb_column type=&#8221;4_4&#8243; _builder_version=&#8221;4.6.5&#8243; _module_preset=&#8221;default&#8221; global_colors_info=&#8221;{}&#8221;][et_pb_text _builder_version=&#8221;4.6.5&#8243; _module_preset=&#8221;default&#8221; header_font=&#8221;Lora|700||on|||||&#8221; header_text_color=&#8221;#EEEEEE&#8221; header_letter_spacing=&#8221;5px&#8221; header_line_height=&#8221;1.2em&#8221; locked=&#8221;off&#8221; global_colors_info=&#8221;{}&#8221;]<\/p>\n<h1 style=\"text-align: center;\">CONDICI\u00d3NS DE VENTA<\/h1>\n<p>[\/et_pb_text][\/et_pb_column][\/et_pb_row][\/et_pb_section][et_pb_section fb_built=&#8221;1&#8243; admin_label=&#8221;Secci\u00f3n &#8211; Texto Legal&#8221; _builder_version=&#8221;4.6.5&#8243; custom_padding=&#8221;50px|||||&#8221; global_colors_info=&#8221;{}&#8221;][et_pb_row _builder_version=&#8221;4.6.6&#8243; max_width=&#8221;1280px&#8221; max_width_tablet=&#8221;&#8221; max_width_phone=&#8221;&#8221; max_width_last_edited=&#8221;on|desktop&#8221; module_alignment=&#8221;center&#8221; custom_margin=&#8221;|auto||82px||&#8221; global_colors_info=&#8221;{}&#8221;][et_pb_column type=&#8221;4_4&#8243; _builder_version=&#8221;3.25&#8243; custom_padding=&#8221;|||&#8221; global_colors_info=&#8221;{}&#8221; custom_padding__hover=&#8221;|||&#8221;][et_pb_text _builder_version=&#8221;4.14.6&#8243; text_font=&#8221;Montserrat||||||||&#8221; text_text_color=&#8221;#3d3936&#8243; header_2_font=&#8221;Lora|700|||||||&#8221; header_2_text_align=&#8221;left&#8221; header_2_text_color=&#8221;#3d3936&#8243; header_2_letter_spacing=&#8221;2px&#8221; header_2_line_height=&#8221;1.5em&#8221; text_orientation=&#8221;justified&#8221; hover_enabled=&#8221;0&#8243; global_colors_info=&#8221;{}&#8221; sticky_enabled=&#8221;0&#8243;]<\/p>\n<h2>Identificaci\u00f3n e Titularidade<\/h2>\n<p>A continuaci\u00f3n exp\u00f3\u00f1ense os datos identificativos do propietario.<\/p>\n<ul>\n<li><b>Titular:<\/b><span> <\/span>Ver\u00f3nica Fern\u00e1ndez Pereira.<\/li>\n<li><b>NIF:<\/b><span> <\/span>35570061D<\/li>\n<li><b>Domicilio:<\/b><span> <\/span>Lugar O Cerquido 54 A, 36475 &#8211; O Porri\u00f1o, Pontevedra &#8211; Espa\u00f1a.<\/li>\n<li><b>Correo electr\u00f3nico:<\/b><span> <\/span>privacidad@vioncasbake.es<\/li>\n<li><b>Sitio Web:<\/b><span> <\/span><a href=\"https:\/\/vioncas.com\/gl\/\">https:\/\/www.vioncasbake.es<\/a><\/li>\n<\/ul>\n<p>&nbsp;<\/p>\n<p><span style=\"font-size: 14px;\">Se non est\u00e1 de acordo con estas Condici\u00f3ns de Venda, o usuario\/cliente deber\u00e1 <strong>abandonar inmediatamente<\/strong> o sitio web sen utilizalo.<\/span><\/p>\n<p>Ao aceptar estas Condici\u00f3ns de Venda, o usuario manifesta:<\/p>\n<ul>\n<li>Que leu e entendeu o que aqu\u00ed se indica.<\/li>\n<li>Que sexa maior de idade segundo a normativa vixente no seu lugar de residencia, en caso contrario o menor deber\u00e1 contar coa autorizaci\u00f3n dos seus representantes legais.<\/li>\n<li>Que, no caso de que estea disposto a contratar alg\u00fan produto e\/ou servizo, te\u00f1a capacidade suficiente para facelo.<\/li>\n<li>Que asume todas as obrigas aqu\u00ed establecidas.<\/li>\n<\/ul>\n<p>O usuario deber\u00e1 ler atentamente estas Condici\u00f3ns Xerais cada vez que acceda ao sitio web, xa que este e as presentes Condici\u00f3ns de Venda poden sufrir modificaci\u00f3ns.<\/p>\n<p>O titular do sitio web res\u00e9rvase o dereito a realizar, en calquera momento, calquera modificaci\u00f3n ou actualizaci\u00f3n dos seus contidos e servizos, das presentes Condici\u00f3ns de Venda, en xeral, de todos os elementos que compo\u00f1en o dese\u00f1o e configuraci\u00f3n do sitio web.<\/p>\n<p>A modificaci\u00f3n destas Condici\u00f3ns de Venda non afectar\u00e1 aos bens ou promoci\u00f3ns que foran adquiridos con anterioridade \u00e1 dita modificaci\u00f3n.<\/p>\n<p><span style=\"font-family: Lora, Georgia, 'Times New Roman', serif; font-size: 26px; font-weight: bold; letter-spacing: 2px; text-align: left;\"><\/span><\/p>\n<p><span style=\"font-family: Lora, Georgia, 'Times New Roman', serif; font-size: 26px; font-weight: bold; letter-spacing: 2px; text-align: left;\">Compra de produtos<\/span><\/p>\n<p>Este documento establece a pol\u00edtica de compra e devoluci\u00f3n establecida para o servizo de compra en li\u00f1a de dous produtos comercializados por Vioncas ao comprador (tam\u00e9n denominado \u201cusuario\u201d para os efectos desta Pol\u00edtica de Condici\u00f3ns de Venda) con entrega a domicilio.<\/p>\n<p>O sitio web de Vioncas foi desenvolvido na plataforma WooCommerce e aloxado nun hospedaxe web que cumpre con todos os requisitos de seguridade necesarios para unha compra segura en li\u00f1a.<\/p>\n<p>O sitio web utiliza t\u00e9cnicas de seguridade da informaci\u00f3n xeralmente aceptadas no sector, como cortalumes, procedementos de control de acceso e mecanismos criptogr\u00e1ficos <em>(<strong>comunicaci\u00f3n cifrada<\/strong> entre o usuario e a tenda en li\u00f1a de 256 bits),<\/em> todo iso co obxectivo de evitar o acceso non autorizado a datos. Para acadar estes fins, o usuario acepta que o provedor obte\u00f1a datos para a correspondente autenticaci\u00f3n dos controis de acceso. As\u00ed mesmo, os <strong>datos da t\u00faa tarxeta de cr\u00e9dito non est\u00e1n rexistrados<\/strong> en ningunha base de datos sen\u00f3n que van directamente ao TPV (Terminal Punto de Venda) do Banco Santander. Adicionalmente, inform\u00e1mosvos de que co fin de ofrecer unha maior seguridade aos propietarios de tarxetas de cr\u00e9dito, incorporamos \u00e1 nosa pasarela de pago o sistema de pago seguro denominado CES (Comercio Electr\u00f3nico Seguro). Deste xeito, se es posuidor dunha tarxeta \u201csegura\u201d sempre poder\u00e1s facer pagos con tarxeta VISA ou MASTERCARD na nosa tenda.<span style=\"font-size: 14px;\"> <\/span><\/p>\n<h2 id=\"covid-19\">Medidas de Seguridade COVID-19<\/h2>\n<p><span style=\"font-size: 14px;\">Coa intenci\u00f3n de velar pola seguridade de <a href=\"mailto:tod@s\">todos<\/a> os nosos clientes, estas son as medidas que adoptamos:<\/span><\/p>\n<ul>\n<li>Saneamento frecuente de todos os nosos empregados.<span style=\"font-size: 14px;\"><\/span><\/li>\n<li>Uso de m\u00e1scaras en todo momento.<\/li>\n<li>Saneamento e ventilaci\u00f3n frecuentes do noso ambiente de traballo e dos medios de transporte.<\/li>\n<li>Distancias de seguridade entre os nosos empregados e a cadea de subministraci\u00f3n.<\/li>\n<li>Todas as nosas caixas entr\u00e9ganse pechadas cun selo Vioncas para garantir a s\u00faa seguridade ata que o cliente reciba o pedido.<\/li>\n<\/ul>\n<p><em>A 30\/10\/2020, a OMS a\u00ednda non confirmou nin negou que o COVID-19 se poida transmitir a trav\u00e9s dos alimentos. En todo caso, Vioncas adopta de forma preventiva todas as medidas anteriormente expostas para que isto nunca suceda, sexa cal sexa a conclusi\u00f3n \u00e1 que finalmente chegan os investigadores e cient\u00edficos que loitan contra o COVID-19.<\/em><\/p>\n<h2 id=\"promociones\">Promoci\u00f3ns<\/h2>\n<p>&gt; <span style=\"color: #774212;\"><strong>BLACK FRIDAY<\/strong><\/span><\/p>\n<ul>\n<li><strong>Condici\u00f3ns:<\/strong> <strong>10%<\/strong> de desconto en todos os produtos da web e <strong>15%<\/strong> no <strong>Pack Empanada e Vi\u00f1o<\/strong> e <strong>Croquetas<\/strong>.<\/li>\n<li><strong>Non acumulable<\/strong> con outras ofertas ou promoci\u00f3ns.<\/li>\n<li><strong style=\"font-size: 14px;\">Validez:<\/strong><span style=\"font-size: 14px;\"> Todos los pedidos realizados realizados durante el d\u00eda <\/span><strong style=\"font-size: 14px;\">27 de Noviembre de 2020.<\/strong><\/li>\n<\/ul>\n<h2 id=\"pedido\">Pedido<\/h2>\n<p>El usuario deber\u00e1 entrar en la web www.vioncas.es y (i) darse de alta como cliente o (ii) registrarse a los \u00fanicos efectos de poder realizar el Pedido on-line, a fin de escoger los productos comercializados por Vioncas y poder realizar de forma posterior la entrega correspondiente.<\/p>\n<p>Se establece, para cualquier Pedido on-line realizado a trav\u00e9s de esta web, un <strong>importe m\u00ednimo de 8\u20ac.<\/strong><span style=\"font-size: 14px;\"> <\/span><\/p>\n<p>Todos los precios mostrados en la web llevan el <strong>IVA incluido<\/strong><span style=\"font-size: 14px;\"><\/span><\/p>\n<h2>Confirmaci\u00f3n del Pedido<\/h2>\n<p>Una vez seleccionados los productos, el d\u00eda y la hora de la entrega, el usuario deber\u00e1 \u201ccontinuar a la forma de pago\u201d.<\/p>\n<h2 id=\"forma-de-pago\">Forma de Pago<\/h2>\n<p>El usuario tendr\u00e1 la posibilidad de pagar mediante <strong>tarjeta bancaria,<\/strong> <strong>PayPal <\/strong>y <strong>efectivo. <\/strong> En el caso de optar por esta \u00faltima forma de pago, el pedido se limita a <strong>50\u20ac m\u00e1ximo.<\/strong><\/p>\n<p><img loading=\"lazy\" decoding=\"async\" src=\"https:\/\/vioncas.com\/wp-content\/uploads\/2020\/10\/logos-visa-mastercard.png\" width=\"139\" height=\"44\" alt=\"\" class=\"wp-image-2014 alignnone size-full\"><img loading=\"lazy\" decoding=\"async\" src=\"https:\/\/vioncas.com\/wp-content\/uploads\/2020\/10\/Logo-Paypal.png\" width=\"124\" height=\"44\" alt=\"\" class=\"wp-image-2017 alignnone size-full\"><\/p>\n<p>Para el pago con tarjeta bancaria el usuario ser\u00e1 redirigido a la pasarela de pago del propio banco y es ah\u00ed donde deber\u00e1 introducir los datos de la tarjeta de forma 100% segura. Una vez finalizado el pedido, se proceder\u00e1 al cargo en la tarjeta indicada y de nuevo redirigido a la web <strong>www.vioncas.es<\/strong><\/p>\n<p>Si el pago se realiza a trav\u00e9s de PayPal, luego de hacer clic en \u201cfinalizar el pedido\u201d el usuario ser\u00e1 redirigido a PayPal para completar su compra de forma segura y por \u00faltimo a la web <strong>www.vioncas.es<\/strong><\/p>\n<p>Realizado el pago correctamente, el usuario recibir\u00e1 un correo electr\u00f3nico a la cuenta asociada a la plataforma de compra on-line y con el n\u00famero de Pedido.<\/p>\n<p><!--<\/p>\n\n\n\n\n<h2 id=\"coste-del-envio\">Coste del env\u00edo<\/h2>\n\n\n\n\n<p>Con un <strong><span style=\"color: #5b9682;\">pedido de 16\u20ac o superior<\/span><\/strong>, el coste del env\u00edo es <span style=\"color: #5b9682;\"><strong>GRATUITO<\/strong><\/span>. Para importes menores, y nunca por debajo del <a href=\"#pedido\"><strong>pedido m\u00ednimo<\/strong><\/a>, el coste del env\u00edo es de 4\u20ac.<\/p>\n\n\n\n\n<h2 id=\"zonas-de-reparto\">Zonas de reparto<\/h2>\n\n\n\n\n<p>El env\u00edo del pedido on-line realizado por el usuario estar\u00e1 limitado a las zonas geogr\u00e1ficas enmarcadas en los siguientes <strong>c\u00f3digos postales<\/strong>:<\/p>\n\n\n\n\n<ul>\n\n\n<li><strong>ES-Pontevedra<\/strong>36700, 36710, 36711, 36712, 36713, 36714, 36715, 36720, 36729, 36460, 36460, 36470, 36471, 36472, 36473, 36474, 36475, 36400<\/li>\n\n\n\n\n<li><strong>PT-Valen\u00e7a<\/strong>4930-678<strong style=\"font-size: 14px;\"><\/strong><\/li>\n\n\n<\/ul>\n\n\n\n\n<h2 id=\"horario-de-reparto\">Horario de reparto<\/h2>\n\n\n\n\n<p>Se indican a continuaci\u00f3n las horas <strong>m\u00e1s tempranas<\/strong> en las que se pueden recibir los pedidos en funci\u00f3n del momento del d\u00eda.<\/p>\n\n\n\n\n<p><em><strong><b>Env\u00edos por <span style=\"text-decoration: underline;\">Vioncas<\/span><\/b>:<\/strong><\/em><\/p>\n\n\n\n\n<p><strong>Ma\u00f1ana**:<\/strong> Los pedidos realizados <em><strong>hasta las 23.00h<\/strong><\/em> del d\u00eda anterior, ser\u00e1n entregados al cliente entre las 08:30h y 11.00h del d\u00eda siguiente.<\/p>\n\n\n\n\n<p><b>Mediod\u00eda<\/b><strong>:<\/strong> Los pedidos realizados <strong><em>hasta las 12.00h<\/em><\/strong> ser\u00e1n entregados, entre las 12.30h y las 16.00h.<\/p>\n\n\n\n\n<p><strong>Noche:<\/strong> Los pedidos realizados <strong><em>a partir de las 12.00h<\/em><\/strong> y <strong>hasta las 19.30h<\/strong> ser\u00e1n entregados, entre las 20.00h y 22.30h.<\/p>\n\n\n\n\n<p><em>** Por el momento solamente se incluyen DESAYUNOS y siempre en un <strong>pedido independiente <\/strong>sin ning\u00fan otro producto que lo acompa\u00f1e, salvo bebidas<strong>.<\/strong><\/em><em><strong><\/strong><\/em><em><strong><\/strong><\/em><em><strong><\/strong><\/em>.<\/p>\n\n\n\n\n<p><em><strong><b><\/b><\/strong><\/em><\/p>\n\n\n\n\n<p><span style=\"color: #b86125;\"><strong>Lunes cerrado.<\/strong><\/span><\/p>\n\n\n\n\n<p>--><br \/><em><strong><\/strong><\/em><\/p>\n<h2 id=\"recogida-en-establecimiento\">Recogida en establecimiento<\/h2>\n<p>El horario en el que puedes recoger tu pedido es:<\/p>\n<p>M-D: <strong>09:30h<\/strong> a <strong>14.00h<\/strong><\/p>\n<p><span style=\"color: #b86125;\"><strong>Lunes cerrado.<\/strong><\/span><\/p>\n<p>Como llegar, haz click aqu\u00ed &gt; <a target=\"_blank\" href=\"https:\/\/www.google.com\/maps\/dir\/\/vioncas+bake\/@42.0934751,-8.6580305,13z\/data=!4m8!4m7!1m0!1m5!1m1!1s0xd258521cf944e47:0x42b07bc1a8c7df08!2m2!1d-8.6230112!2d42.0934804\" rel=\"noopener noreferrer\"><strong>Google Maps <\/strong><\/a> <strong><\/strong><\/p>\n<p><strong><\/strong><\/p>\n<p><span style=\"font-family: Lora, Georgia, 'Times New Roman', serif; font-size: 26px; font-weight: bold; letter-spacing: 2px; text-align: left;\">Establecimientos colaboradores<\/span><strong style=\"color: #b86125; font-size: 14px;\"><\/strong><\/p>\n<p>Puedes comprar tambi\u00e9n nuestros productos en cualquiera de los siguientes establecimientos:<\/p>\n<ul>\n<li><strong><span style=\"color: #774212;\">OSCAR ROMERO<\/span> &gt;<\/strong>Salceda de Caselas<\/li>\n<\/ul>\n<p>Horario: <em>08:30 a 14:00<\/em><span style=\"font-size: 14px;\"><\/span><\/p>\n<p><em>Tlf. <span>986 340 699<\/span><span> <\/span><\/em><\/p>\n<p><em><\/em><\/p>\n<ul>\n<li><strong><span style=\"color: #774212;\">ALALIM\u00d3N<\/span> &gt;<\/strong> Vigo<\/li>\n<\/ul>\n<p>Horario: <em>10:30 a 16:30<\/em><\/p>\n<p><em>Tlf. 886 11 60 87<\/em><\/p>\n<h2 id=\"control-de-alergenos\">Control de Al\u00e9rgenos<\/h2>\n<p>Desde los siguientes enlaces podr\u00e1s descargarte las tablas de al\u00e9rgenos, tanto de nuestras <a href=\"\/wp-content\/uploads\/2020\/11\/Tabla-de-Alergenos-Empanadillas-Vioncas-Bake_101120-1.pdf\" target=\"_blank\" rel=\"noopener noreferrer\"><span style=\"color: #5b9682;\"><strong>empanadillas<\/strong><\/span><\/a>como de nuestros <a href=\"\/wp-content\/uploads\/2020\/11\/Tabla-de-Alergenos-Desayunos-Vioncas-Bake_101120-1.pdf\" target=\"_blank\" rel=\"nofollow noopener noreferrer\"><span style=\"color: #5b9682;\"><strong>desayunos<\/strong><\/span><\/a>.<\/p>\n<h2>Cancelaci\u00f3n del Pedido<\/h2>\n<p><!--Para aquellos Pedidos que se entreguen a domicilio el mismo d\u00eda en que se realice el Pedido, no podr\u00e1n ser cancelados, en ning\u00fan caso, una vez se haya realizado el pago a trav\u00e9s de la web. Sin embargo, s--><br \/>Si el Pedido se ha realizado en un d\u00eda distinto al de su entrega, \u00e9ste podr\u00e1 cancelarse siempre y cuando entre el momento de la comunicaci\u00f3n de la cancelaci\u00f3n y la fecha y hora fijadas para su entrega, exista un lapso de tiempo igual o <strong>superior a 24 horas<\/strong>. Para ello el usuario deber\u00e1 enviar un correo electr\u00f3nico a info@vioncasbake.es a fin de que Vioncas, pueda gestionar la cancelaci\u00f3n y reembolsar el precio al usuario por id\u00e9ntico medio de pago que emple\u00f3 al formalizar la compra.<\/p>\n<h2>Pol\u00edtica de devoluci\u00f3n de los productos<\/h2>\n<p>Los productos comercializados en las tiendas Vioncas, son platos cocinados y otros alimentos, es decir, se tratan de productos perecederos, con un limitado periodo de tiempo para el consumo, y con unas condiciones de conservaci\u00f3n determinadas que deben mantenerse en todo momento.<\/p>\n<p>Teniendo en cuenta el referido car\u00e1cter perecedero de los productos comercializados en los puntos de venta que operan bajo la marca Vioncas, el comprador no tendr\u00e1 derecho a devolver los productos una vez le sean entregados.<\/p>\n<p>En el momento de la entrega del Pedido, el comprador deber\u00e1 examinar los productos, comprobando que los mismos se encuentran en buen estado y que se corresponden con el Pedido realizado a trav\u00e9s de la web. Una vez comprobado y recepcionado el pedido, el comprador no podr\u00e1 devolver ning\u00fan producto.<\/p>\n<p>La indicada pol\u00edtica de devoluci\u00f3n se fundamenta en el car\u00e1cter perecedero de los productos disponibles a trav\u00e9s de la web www.vioncasbake.es, y al objeto de garantizar las adecuadas condiciones higi\u00e9nico-sanitarias de dichos productos y que los mismos mantengan intactas sus propiedades en el momento de la devoluci\u00f3n.<\/p>\n<p>En caso de que por razones ajenas a la voluntad de Vioncas no dispusiera de todos los productos del Pedido realizado, el comprador podr\u00e1 cambiar el producto no disponible por otro de igual valor o podr\u00e1 solicitar la devoluci\u00f3n del importe abonado por dicho producto no disponible.<\/p>\n<p>Vioncas no ser\u00e1 responsable en ninguna circunstancia por p\u00e9rdidas o da\u00f1os que surjan por la selecci\u00f3n inadecuada o la aplicaci\u00f3n o el uso incorrectos de un producto.<\/p>\n<h2>Pol\u00edtica de Privacidad<\/h2>\n<p>Puedes consultar los terminos y condiciones de la pol\u00edtica de privacidad en el <a href=\"https:\/\/vioncas.com\/gl\/politica-de-privacidade\/\" rel=\"nofollow\"><strong>siguiente enlace<\/strong><\/a>.<\/p>\n<h2>Garant\u00eda limitada<\/h2>\n<p>Atendido el car\u00e1cter perecedero de los productos comercializados, Vioncas garantiza su buen estado, siempre que el producto no sea abierto hasta la fecha de caducidad indicada en el propio producto.<\/p>\n<p>El comprador no podr\u00e1 realizar devoluciones ni cambios una vez aceptada la entrega de los productos en la tienda o en su domicilio. Por ello, el comprador deber\u00e1 inspeccionar los productos en el momento de la recepci\u00f3n del producto y deber\u00e1 manifestar de inmediato, en su domicilio al mensajero que le haga entrega del Pedido, cualquier defecto o falta de conformidad que pudiese alegar. En este caso el mensajero comunicar\u00e1 la incidencia a Vioncas y esta se pondr\u00e1 en contacto directo con el usuario en el plazo de tiempo m\u00e1s breve posible a fin de solucionar el problema.<\/p>\n<h2>Descargo de responsabilidad<\/h2>\n<p>Las condiciones de compra y devoluci\u00f3n establecidas en el presente documento reemplazan cualquier otro tipo de garant\u00eda expresa o impl\u00edcita. Vioncas excluye y rechaza expresamente cualquier responsabilidad por otras garant\u00edas.<\/p>\n<p>Vioncas queda eximido de toda responsabilidad por reclamaciones acerca de defectos en el producto causados por el uso indebido del mismo por parte del comprador, la selecci\u00f3n inadecuada, la incorrecta aplicaci\u00f3n o conservaci\u00f3n del producto o los derivados de no mantener el producto en las debidas condiciones higi\u00e9nico-sanitarias.<\/p>\n<h2>Legislaci\u00f3n vigente<\/h2>\n<p>Las presentes condiciones de la Pol\u00edtica de Compra y Devoluci\u00f3n se interpretar\u00e1n y ejecutar\u00e1n de conformidad con la legislaci\u00f3n espa\u00f1ola.<\/p>\n<p>Las partes realizar\u00e1n los m\u00e1ximos esfuerzos posibles para resolver mediante la negociaci\u00f3n todo conflicto, controversia o diferencia que se relacione con las disposiciones del presente acuerdo. Para toda duda, cuesti\u00f3n o diferencia que pudiera surgir entre las partes, las partes, con expresa renuncia a su propio fuero y domicilio, se someten a la Jurisdicci\u00f3n y Competencia de los Juzgados y Tribunales de la ciudad de Tui.<\/p>\n<h2>Contacto<\/h2>\n<p>Para cualquier duda, problema o consulta, el comprador o usuario podr\u00e1 dirigirse a Vioncas con domicilio en: Lugar O Cerquido 54 A, 36475 O Porri\u00f1o &#8211; Pontevedra, o enviando un correo electr\u00f3nico a la direcci\u00f3n siguiente: info@vioncasbake.es<\/p>\n<p>[\/et_pb_text][\/et_pb_column][\/et_pb_row][\/et_pb_section]<\/p>\n","protected":false},"excerpt":{"rendered":"<p>CONDICI\u00d3NS DE VENTAIdentificaci\u00f3n e Titularidade A continuaci\u00f3n exp\u00f3\u00f1ense os datos identificativos do propietario. Titular: Ver\u00f3nica Fern\u00e1ndez Pereira. NIF: 35570061D Domicilio: Lugar O Cerquido 54 A, 36475 &#8211; O Porri\u00f1o, Pontevedra &#8211; Espa\u00f1a. Correo electr\u00f3nico: privacidad@vioncasbake.es Sitio Web: https:\/\/www.vioncasbake.es &nbsp; Se non est\u00e1 de acordo con estas Condici\u00f3ns de Venda, o usuario\/cliente deber\u00e1 abandonar inmediatamente o [&hellip;]<\/p>\n","protected":false},"author":1,"featured_media":0,"parent":0,"menu_order":0,"comment_status":"closed","ping_status":"closed","template":"","meta":{"_et_pb_use_builder":"on","_et_pb_old_content":"","_et_gb_content_width":"","inline_featured_image":false,"footnotes":""},"class_list":["post-4067","page","type-page","status-publish","hentry"],"_links":{"self":[{"href":"https:\/\/vioncas.com\/gl\/wp-json\/wp\/v2\/pages\/4067","targetHints":{"allow":["GET"]}}],"collection":[{"href":"https:\/\/vioncas.com\/gl\/wp-json\/wp\/v2\/pages"}],"about":[{"href":"https:\/\/vioncas.com\/gl\/wp-json\/wp\/v2\/types\/page"}],"author":[{"embeddable":true,"href":"https:\/\/vioncas.com\/gl\/wp-json\/wp\/v2\/users\/1"}],"replies":[{"embeddable":true,"href":"https:\/\/vioncas.com\/gl\/wp-json\/wp\/v2\/comments?post=4067"}],"version-history":[{"count":5,"href":"https:\/\/vioncas.com\/gl\/wp-json\/wp\/v2\/pages\/4067\/revisions"}],"predecessor-version":[{"id":4448,"href":"https:\/\/vioncas.com\/gl\/wp-json\/wp\/v2\/pages\/4067\/revisions\/4448"}],"wp:attachment":[{"href":"https:\/\/vioncas.com\/gl\/wp-json\/wp\/v2\/media?parent=4067"}],"curies":[{"name":"wp","href":"https:\/\/api.w.org\/{rel}","templated":true}]}}