{"id":3920,"date":"2021-03-11T21:30:08","date_gmt":"2021-03-11T20:30:08","guid":{"rendered":"https:\/\/vioncas.com\/producto\/zumino-zume-de-maza\/"},"modified":"2021-03-11T21:30:08","modified_gmt":"2021-03-11T20:30:08","slug":"zumino-zumo-de-manzana","status":"publish","type":"product","link":"https:\/\/vioncas.com\/gl\/producto\/zumino-zumo-de-manzana\/","title":{"rendered":"Zumi\u00f1o &#8211; zume de maz\u00e1"},"content":{"rendered":"<p>Zume de maz\u00e1 100% ecol\u00f3xico do Rosal. 750ml.<\/p>\n","protected":false},"excerpt":{"rendered":"<p>Zume de maz\u00e1 100% ecol\u00f3xico do Rosal. 750ml<\/p>\n","protected":false},"featured_media":3889,"comment_status":"open","ping_status":"closed","template":"","meta":{"_et_pb_use_builder":"","_et_pb_old_content":"","_et_gb_content_width":"","inline_featured_image":false},"product_brand":[],"product_cat":[58,59],"product_tag":[],"class_list":{"0":"post-3920","1":"product","2":"type-product","3":"status-publish","4":"has-post-thumbnail","6":"product_cat-bebidas-gl","7":"product_cat-zumes","9":"first","10":"instock","11":"taxable","12":"shipping-taxable","13":"purchasable","14":"product-type-simple"},"_links":{"self":[{"href":"https:\/\/vioncas.com\/gl\/wp-json\/wp\/v2\/product\/3920","targetHints":{"allow":["GET"]}}],"collection":[{"href":"https:\/\/vioncas.com\/gl\/wp-json\/wp\/v2\/product"}],"about":[{"href":"https:\/\/vioncas.com\/gl\/wp-json\/wp\/v2\/types\/product"}],"replies":[{"embeddable":true,"href":"https:\/\/vioncas.com\/gl\/wp-json\/wp\/v2\/comments?post=3920"}],"wp:featuredmedia":[{"embeddable":true,"href":"https:\/\/vioncas.com\/gl\/wp-json\/wp\/v2\/media\/3889"}],"wp:attachment":[{"href":"https:\/\/vioncas.com\/gl\/wp-json\/wp\/v2\/media?parent=3920"}],"wp:term":[{"taxonomy":"product_brand","embeddable":true,"href":"https:\/\/vioncas.com\/gl\/wp-json\/wp\/v2\/product_brand?post=3920"},{"taxonomy":"product_cat","embeddable":true,"href":"https:\/\/vioncas.com\/gl\/wp-json\/wp\/v2\/product_cat?post=3920"},{"taxonomy":"product_tag","embeddable":true,"href":"https:\/\/vioncas.com\/gl\/wp-json\/wp\/v2\/product_tag?post=3920"}],"curies":[{"name":"wp","href":"https:\/\/api.w.org\/{rel}","templated":true}]}}