{"id":3924,"date":"2021-03-01T22:04:35","date_gmt":"2021-03-01T21:04:35","guid":{"rendered":"https:\/\/vioncas.com\/producto\/a-vegana-de-bolonesa-e-non-carne\/"},"modified":"2023-06-21T12:30:41","modified_gmt":"2023-06-21T10:30:41","slug":"la-vegana-de-bolonesa-y-no-carne","status":"publish","type":"product","link":"https:\/\/vioncas.com\/gl\/producto\/la-vegana-de-bolonesa-y-no-carne\/","title":{"rendered":"A Vegana de bolo\u00f1esa e non carne"},"content":{"rendered":"<p>Prote\u00edna de soia e bolo\u00f1esa, cun toque picante<\/p>\n<p><strong>Formato:<\/strong> masa de cor cl\u00e1sica, peche estrela.<\/p>\n","protected":false},"excerpt":{"rendered":"<p>Prote\u00edna de soia, bolo\u00f1esa e pementos vietnamitas de Viravolta Padr\u00f3n.<\/p>\n","protected":false},"featured_media":3876,"comment_status":"open","ping_status":"closed","template":"","meta":{"_et_pb_use_builder":"on","_et_pb_old_content":"","_et_gb_content_width":"","inline_featured_image":false},"product_brand":[],"product_cat":[67,65],"product_tag":[],"class_list":{"0":"post-3924","1":"product","2":"type-product","3":"status-publish","4":"has-post-thumbnail","6":"product_cat-as-vexetarianas","7":"product_cat-empanadillas-gl","9":"first","10":"instock","11":"taxable","12":"shipping-taxable","13":"purchasable","14":"product-type-simple"},"_links":{"self":[{"href":"https:\/\/vioncas.com\/gl\/wp-json\/wp\/v2\/product\/3924","targetHints":{"allow":["GET"]}}],"collection":[{"href":"https:\/\/vioncas.com\/gl\/wp-json\/wp\/v2\/product"}],"about":[{"href":"https:\/\/vioncas.com\/gl\/wp-json\/wp\/v2\/types\/product"}],"replies":[{"embeddable":true,"href":"https:\/\/vioncas.com\/gl\/wp-json\/wp\/v2\/comments?post=3924"}],"wp:featuredmedia":[{"embeddable":true,"href":"https:\/\/vioncas.com\/gl\/wp-json\/wp\/v2\/media\/3876"}],"wp:attachment":[{"href":"https:\/\/vioncas.com\/gl\/wp-json\/wp\/v2\/media?parent=3924"}],"wp:term":[{"taxonomy":"product_brand","embeddable":true,"href":"https:\/\/vioncas.com\/gl\/wp-json\/wp\/v2\/product_brand?post=3924"},{"taxonomy":"product_cat","embeddable":true,"href":"https:\/\/vioncas.com\/gl\/wp-json\/wp\/v2\/product_cat?post=3924"},{"taxonomy":"product_tag","embeddable":true,"href":"https:\/\/vioncas.com\/gl\/wp-json\/wp\/v2\/product_tag?post=3924"}],"curies":[{"name":"wp","href":"https:\/\/api.w.org\/{rel}","templated":true}]}}